{"id":492,"date":"2021-07-21T09:07:12","date_gmt":"2021-07-21T13:07:12","guid":{"rendered":"https:\/\/www.portfoliohiway.com\/?page_id=492"},"modified":"2025-08-27T11:32:51","modified_gmt":"2025-08-27T15:32:51","slug":"a-propos","status":"publish","type":"page","link":"https:\/\/www.portfoliohiway.com\/fr\/a-propos\/","title":{"rendered":"\u00c0 propos"},"content":{"rendered":"<p>PortfolioHiWay\u00ae est une soci\u00e9t\u00e9 canadienne de gestion de patrimoine, priv\u00e9e, qui se consacre \u00e0 servir des investisseurs sophistiqu\u00e9s, notamment des particuliers fortun\u00e9s, des bureaux familiaux et des institutions. En tant que plateforme d\u2019investissement \u00e0 service complet, PortfolioHiWay propose une gamme compl\u00e8te de produits, incluant des comptes g\u00e9r\u00e9s s\u00e9par\u00e9ment, des portefeuilles mod\u00e8les, des obligations, des actions et des produits g\u00e9r\u00e9s. Elle apporte de la valeur \u00e0 ses clients en offrant une ex\u00e9cution des ordres de niveau institutionnel, un acc\u00e8s \u00e0 des gestionnaires d\u2019actifs de premier plan, ainsi que des solutions de garde cl\u00e9s en main. En s\u2019associant \u00e0 PortfolioHiWay, les clients peuvent avoir l\u2019assurance de recevoir des conseils impartiaux, fiscalement optimis\u00e9s, avec une tarification transparente et sans commission.<\/p>\n","protected":false},"excerpt":{"rendered":"<p>PortfolioHiWay\u00ae est une soci\u00e9t\u00e9 canadienne de gestion de patrimoine, priv\u00e9e, qui se consacre \u00e0 servir des investisseurs sophistiqu\u00e9s, notamment des particuliers fortun\u00e9s, des bureaux familiaux et des institutions. En tant que plateforme d\u2019investissement \u00e0 service complet, PortfolioHiWay propose une gamme compl\u00e8te de produits, incluant des comptes g\u00e9r\u00e9s s\u00e9par\u00e9ment, des portefeuilles mod\u00e8les, des obligations, des actions [&hellip;]<\/p>\n","protected":false},"author":1,"featured_media":0,"parent":0,"menu_order":0,"comment_status":"closed","ping_status":"closed","template":"views\/template-about.php","meta":[],"yst_prominent_words":[116,15,31],"acf":[],"_links":{"self":[{"href":"https:\/\/www.portfoliohiway.com\/fr\/wp-json\/wp\/v2\/pages\/492"}],"collection":[{"href":"https:\/\/www.portfoliohiway.com\/fr\/wp-json\/wp\/v2\/pages"}],"about":[{"href":"https:\/\/www.portfoliohiway.com\/fr\/wp-json\/wp\/v2\/types\/page"}],"author":[{"embeddable":true,"href":"https:\/\/www.portfoliohiway.com\/fr\/wp-json\/wp\/v2\/users\/1"}],"replies":[{"embeddable":true,"href":"https:\/\/www.portfoliohiway.com\/fr\/wp-json\/wp\/v2\/comments?post=492"}],"version-history":[{"count":11,"href":"https:\/\/www.portfoliohiway.com\/fr\/wp-json\/wp\/v2\/pages\/492\/revisions"}],"predecessor-version":[{"id":951,"href":"https:\/\/www.portfoliohiway.com\/fr\/wp-json\/wp\/v2\/pages\/492\/revisions\/951"}],"wp:attachment":[{"href":"https:\/\/www.portfoliohiway.com\/fr\/wp-json\/wp\/v2\/media?parent=492"}],"wp:term":[{"taxonomy":"yst_prominent_words","embeddable":true,"href":"https:\/\/www.portfoliohiway.com\/fr\/wp-json\/wp\/v2\/yst_prominent_words?post=492"}],"curies":[{"name":"wp","href":"https:\/\/api.w.org\/{rel}","templated":true}]}}